{"id":7428,"date":"2025-01-27T12:43:55","date_gmt":"2025-01-27T12:43:55","guid":{"rendered":"https:\/\/astrapythagoreanwellness.com\/?page_id=7428"},"modified":"2025-04-10T11:01:45","modified_gmt":"2025-04-10T11:01:45","slug":"reserve-su-retiro","status":"publish","type":"page","link":"https:\/\/astrapythagoreanwellness.com\/es\/reserve-su-retiro\/","title":{"rendered":"Reserve su retiro"},"content":{"rendered":"\t\t<div data-elementor-type=\"wp-page\" data-elementor-id=\"7428\" class=\"elementor elementor-7428 elementor-481\" data-elementor-post-type=\"page\">\n\t\t\t\t<div class=\"elementor-element elementor-element-0159b3e e-flex e-con-boxed e-con e-parent\" data-id=\"0159b3e\" data-element_type=\"container\" data-e-type=\"container\">\n\t\t\t\t\t<div class=\"e-con-inner\">\n\t\t\t\t<div class=\"elementor-element elementor-element-ea67335 elementor-widget elementor-widget-heading\" data-id=\"ea67335\" data-element_type=\"widget\" data-e-type=\"widget\" data-widget_type=\"heading.default\">\n\t\t\t\t\t<h2 class=\"elementor-heading-title elementor-size-default\">Reserve su retiro<\/h2>\t\t\t\t<\/div>\n\t\t\t\t<div class=\"elementor-element elementor-element-92cfef8 elementor-widget elementor-widget-text-editor\" data-id=\"92cfef8\" data-element_type=\"widget\" data-e-type=\"widget\" data-widget_type=\"text-editor.default\">\n\t\t\t\t\t\t\t\t\t<p>Aseg\u00farese de seleccionar al menos 7 noches y el tipo de alojamiento que prefiera.<\/p><p>45 d\u00edas antes de la llegada debe abonarse el precio total. No hay opci\u00f3n de dep\u00f3sito cuando se reserva antes de 45 d\u00edas de la llegada.<\/p><p>Para obtener un reembolso completo, la cancelaci\u00f3n debe realizarse al menos 30 d\u00edas antes de la fecha de llegada.<\/p>\t\t\t\t\t\t\t\t<\/div>\n\t\t\t\t\t<\/div>\n\t\t\t\t<\/div>\n\t\t\t\t<\/div>\n\t\t","protected":false},"excerpt":{"rendered":"<p>Reserve su retiro Aseg\u00farese de seleccionar al menos 7 noches y el tipo de alojamiento que prefiera. 45 d\u00edas antes [&hellip;]<\/p>\n","protected":false},"author":1,"featured_media":0,"parent":0,"menu_order":0,"comment_status":"open","ping_status":"open","template":"","meta":{"site-sidebar-layout":"default","site-content-layout":"","ast-site-content-layout":"default","site-content-style":"default","site-sidebar-style":"default","ast-global-header-display":"","ast-banner-title-visibility":"","ast-main-header-display":"","ast-hfb-above-header-display":"","ast-hfb-below-header-display":"","ast-hfb-mobile-header-display":"","site-post-title":"","ast-breadcrumbs-content":"","ast-featured-img":"","footer-sml-layout":"","ast-disable-related-posts":"","theme-transparent-header-meta":"","adv-header-id-meta":"","stick-header-meta":"","header-above-stick-meta":"","header-main-stick-meta":"","header-below-stick-meta":"","astra-migrate-meta-layouts":"default","ast-page-background-enabled":"default","ast-page-background-meta":{"desktop":{"background-color":"var(--ast-global-color-5)","background-image":"","background-repeat":"repeat","background-position":"center center","background-size":"auto","background-attachment":"scroll","background-type":"","background-media":"","overlay-type":"","overlay-color":"","overlay-opacity":"","overlay-gradient":""},"tablet":{"background-color":"","background-image":"","background-repeat":"repeat","background-position":"center center","background-size":"auto","background-attachment":"scroll","background-type":"","background-media":"","overlay-type":"","overlay-color":"","overlay-opacity":"","overlay-gradient":""},"mobile":{"background-color":"","background-image":"","background-repeat":"repeat","background-position":"center center","background-size":"auto","background-attachment":"scroll","background-type":"","background-media":"","overlay-type":"","overlay-color":"","overlay-opacity":"","overlay-gradient":""}},"ast-content-background-meta":{"desktop":{"background-color":"var(--ast-global-color-4)","background-image":"","background-repeat":"repeat","background-position":"center center","background-size":"auto","background-attachment":"scroll","background-type":"","background-media":"","overlay-type":"","overlay-color":"","overlay-opacity":"","overlay-gradient":""},"tablet":{"background-color":"var(--ast-global-color-4)","background-image":"","background-repeat":"repeat","background-position":"center center","background-size":"auto","background-attachment":"scroll","background-type":"","background-media":"","overlay-type":"","overlay-color":"","overlay-opacity":"","overlay-gradient":""},"mobile":{"background-color":"var(--ast-global-color-4)","background-image":"","background-repeat":"repeat","background-position":"center center","background-size":"auto","background-attachment":"scroll","background-type":"","background-media":"","overlay-type":"","overlay-color":"","overlay-opacity":"","overlay-gradient":""}},"footnotes":""},"class_list":["post-7428","page","type-page","status-publish","hentry"],"yoast_head":"<!-- This site is optimized with the Yoast SEO plugin v27.5 - https:\/\/yoast.com\/product\/yoast-seo-wordpress\/ -->\n<title>Reserve su retiro - Astra Pythagorean Wellness<\/title>\n<meta name=\"robots\" content=\"index, follow, max-snippet:-1, max-image-preview:large, max-video-preview:-1\" \/>\n<link rel=\"canonical\" href=\"https:\/\/astrapythagoreanwellness.com\/es\/reserve-su-retiro\/\" \/>\n<meta property=\"og:locale\" content=\"es_ES\" \/>\n<meta property=\"og:type\" content=\"article\" \/>\n<meta property=\"og:title\" content=\"Reserve su retiro - Astra Pythagorean Wellness\" \/>\n<meta property=\"og:description\" content=\"Reserve su retiro Aseg\u00farese de seleccionar al menos 7 noches y el tipo de alojamiento que prefiera. 45 d\u00edas antes [&hellip;]\" \/>\n<meta property=\"og:url\" content=\"https:\/\/astrapythagoreanwellness.com\/es\/reserve-su-retiro\/\" \/>\n<meta property=\"og:site_name\" content=\"Astra Pythagorean Wellness\" \/>\n<meta property=\"article:modified_time\" content=\"2025-04-10T11:01:45+00:00\" \/>\n<meta property=\"og:image\" content=\"https:\/\/astrapythagoreanwellness.com\/wp-content\/uploads\/2025\/02\/DOUBLE-SEA-FRONT-scaled-1.jpeg.webp\" \/>\n<meta name=\"twitter:card\" content=\"summary_large_image\" \/>\n<meta name=\"twitter:label1\" content=\"Tiempo de lectura\" \/>\n\t<meta name=\"twitter:data1\" content=\"4 minutos\" \/>\n<script type=\"application\/ld+json\" class=\"yoast-schema-graph\">{\"@context\":\"https:\\\/\\\/schema.org\",\"@graph\":[{\"@type\":\"WebPage\",\"@id\":\"https:\\\/\\\/astrapythagoreanwellness.com\\\/es\\\/reserve-su-retiro\\\/\",\"url\":\"https:\\\/\\\/astrapythagoreanwellness.com\\\/es\\\/reserve-su-retiro\\\/\",\"name\":\"Reserve su retiro - Astra Pythagorean Wellness\",\"isPartOf\":{\"@id\":\"https:\\\/\\\/astrapythagoreanwellness.com\\\/es\\\/#website\"},\"primaryImageOfPage\":{\"@id\":\"https:\\\/\\\/astrapythagoreanwellness.com\\\/es\\\/reserve-su-retiro\\\/#primaryimage\"},\"image\":{\"@id\":\"https:\\\/\\\/astrapythagoreanwellness.com\\\/es\\\/reserve-su-retiro\\\/#primaryimage\"},\"thumbnailUrl\":\"https:\\\/\\\/astrapythagoreanwellness.com\\\/wp-content\\\/uploads\\\/2025\\\/02\\\/DOUBLE-SEA-FRONT-scaled-1.jpeg.webp\",\"datePublished\":\"2025-01-27T12:43:55+00:00\",\"dateModified\":\"2025-04-10T11:01:45+00:00\",\"breadcrumb\":{\"@id\":\"https:\\\/\\\/astrapythagoreanwellness.com\\\/es\\\/reserve-su-retiro\\\/#breadcrumb\"},\"inLanguage\":\"es\",\"potentialAction\":[{\"@type\":\"ReadAction\",\"target\":[\"https:\\\/\\\/astrapythagoreanwellness.com\\\/es\\\/reserve-su-retiro\\\/\"]}]},{\"@type\":\"ImageObject\",\"inLanguage\":\"es\",\"@id\":\"https:\\\/\\\/astrapythagoreanwellness.com\\\/es\\\/reserve-su-retiro\\\/#primaryimage\",\"url\":\"https:\\\/\\\/astrapythagoreanwellness.com\\\/wp-content\\\/uploads\\\/2025\\\/02\\\/DOUBLE-SEA-FRONT-scaled-1.jpeg.webp\",\"contentUrl\":\"https:\\\/\\\/astrapythagoreanwellness.com\\\/wp-content\\\/uploads\\\/2025\\\/02\\\/DOUBLE-SEA-FRONT-scaled-1.jpeg.webp\"},{\"@type\":\"BreadcrumbList\",\"@id\":\"https:\\\/\\\/astrapythagoreanwellness.com\\\/es\\\/reserve-su-retiro\\\/#breadcrumb\",\"itemListElement\":[{\"@type\":\"ListItem\",\"position\":1,\"name\":\"Home\",\"item\":\"https:\\\/\\\/astrapythagoreanwellness.com\\\/es\\\/\"},{\"@type\":\"ListItem\",\"position\":2,\"name\":\"Reserve su retiro\"}]},{\"@type\":\"WebSite\",\"@id\":\"https:\\\/\\\/astrapythagoreanwellness.com\\\/es\\\/#website\",\"url\":\"https:\\\/\\\/astrapythagoreanwellness.com\\\/es\\\/\",\"name\":\"Astra Pythagorean Wellness\",\"description\":\"\",\"publisher\":{\"@id\":\"https:\\\/\\\/astrapythagoreanwellness.com\\\/es\\\/#organization\"},\"potentialAction\":[{\"@type\":\"SearchAction\",\"target\":{\"@type\":\"EntryPoint\",\"urlTemplate\":\"https:\\\/\\\/astrapythagoreanwellness.com\\\/es\\\/?s={search_term_string}\"},\"query-input\":{\"@type\":\"PropertyValueSpecification\",\"valueRequired\":true,\"valueName\":\"search_term_string\"}}],\"inLanguage\":\"es\"},{\"@type\":\"Organization\",\"@id\":\"https:\\\/\\\/astrapythagoreanwellness.com\\\/es\\\/#organization\",\"name\":\"Astra Pythagorean Wellness\",\"url\":\"https:\\\/\\\/astrapythagoreanwellness.com\\\/es\\\/\",\"logo\":{\"@type\":\"ImageObject\",\"inLanguage\":\"es\",\"@id\":\"https:\\\/\\\/astrapythagoreanwellness.com\\\/es\\\/#\\\/schema\\\/logo\\\/image\\\/\",\"url\":\"https:\\\/\\\/astrapythagoreanwellness.com\\\/wp-content\\\/uploads\\\/2025\\\/01\\\/fulllogo_transparent_nobuffer.png\",\"contentUrl\":\"https:\\\/\\\/astrapythagoreanwellness.com\\\/wp-content\\\/uploads\\\/2025\\\/01\\\/fulllogo_transparent_nobuffer.png\",\"width\":1280,\"height\":471,\"caption\":\"Astra Pythagorean Wellness\"},\"image\":{\"@id\":\"https:\\\/\\\/astrapythagoreanwellness.com\\\/es\\\/#\\\/schema\\\/logo\\\/image\\\/\"}}]}<\/script>\n<!-- \/ Yoast SEO plugin. -->","yoast_head_json":{"title":"Reserve su retiro - Astra Pythagorean Wellness","robots":{"index":"index","follow":"follow","max-snippet":"max-snippet:-1","max-image-preview":"max-image-preview:large","max-video-preview":"max-video-preview:-1"},"canonical":"https:\/\/astrapythagoreanwellness.com\/es\/reserve-su-retiro\/","og_locale":"es_ES","og_type":"article","og_title":"Reserve su retiro - Astra Pythagorean Wellness","og_description":"Reserve su retiro Aseg\u00farese de seleccionar al menos 7 noches y el tipo de alojamiento que prefiera. 45 d\u00edas antes [&hellip;]","og_url":"https:\/\/astrapythagoreanwellness.com\/es\/reserve-su-retiro\/","og_site_name":"Astra Pythagorean Wellness","article_modified_time":"2025-04-10T11:01:45+00:00","og_image":[{"url":"https:\/\/astrapythagoreanwellness.com\/wp-content\/uploads\/2025\/02\/DOUBLE-SEA-FRONT-scaled-1.jpeg.webp","type":"","width":"","height":""}],"twitter_card":"summary_large_image","twitter_misc":{"Tiempo de lectura":"4 minutos"},"schema":{"@context":"https:\/\/schema.org","@graph":[{"@type":"WebPage","@id":"https:\/\/astrapythagoreanwellness.com\/es\/reserve-su-retiro\/","url":"https:\/\/astrapythagoreanwellness.com\/es\/reserve-su-retiro\/","name":"Reserve su retiro - Astra Pythagorean Wellness","isPartOf":{"@id":"https:\/\/astrapythagoreanwellness.com\/es\/#website"},"primaryImageOfPage":{"@id":"https:\/\/astrapythagoreanwellness.com\/es\/reserve-su-retiro\/#primaryimage"},"image":{"@id":"https:\/\/astrapythagoreanwellness.com\/es\/reserve-su-retiro\/#primaryimage"},"thumbnailUrl":"https:\/\/astrapythagoreanwellness.com\/wp-content\/uploads\/2025\/02\/DOUBLE-SEA-FRONT-scaled-1.jpeg.webp","datePublished":"2025-01-27T12:43:55+00:00","dateModified":"2025-04-10T11:01:45+00:00","breadcrumb":{"@id":"https:\/\/astrapythagoreanwellness.com\/es\/reserve-su-retiro\/#breadcrumb"},"inLanguage":"es","potentialAction":[{"@type":"ReadAction","target":["https:\/\/astrapythagoreanwellness.com\/es\/reserve-su-retiro\/"]}]},{"@type":"ImageObject","inLanguage":"es","@id":"https:\/\/astrapythagoreanwellness.com\/es\/reserve-su-retiro\/#primaryimage","url":"https:\/\/astrapythagoreanwellness.com\/wp-content\/uploads\/2025\/02\/DOUBLE-SEA-FRONT-scaled-1.jpeg.webp","contentUrl":"https:\/\/astrapythagoreanwellness.com\/wp-content\/uploads\/2025\/02\/DOUBLE-SEA-FRONT-scaled-1.jpeg.webp"},{"@type":"BreadcrumbList","@id":"https:\/\/astrapythagoreanwellness.com\/es\/reserve-su-retiro\/#breadcrumb","itemListElement":[{"@type":"ListItem","position":1,"name":"Home","item":"https:\/\/astrapythagoreanwellness.com\/es\/"},{"@type":"ListItem","position":2,"name":"Reserve su retiro"}]},{"@type":"WebSite","@id":"https:\/\/astrapythagoreanwellness.com\/es\/#website","url":"https:\/\/astrapythagoreanwellness.com\/es\/","name":"Astra Pythagorean Wellness","description":"","publisher":{"@id":"https:\/\/astrapythagoreanwellness.com\/es\/#organization"},"potentialAction":[{"@type":"SearchAction","target":{"@type":"EntryPoint","urlTemplate":"https:\/\/astrapythagoreanwellness.com\/es\/?s={search_term_string}"},"query-input":{"@type":"PropertyValueSpecification","valueRequired":true,"valueName":"search_term_string"}}],"inLanguage":"es"},{"@type":"Organization","@id":"https:\/\/astrapythagoreanwellness.com\/es\/#organization","name":"Astra Pythagorean Wellness","url":"https:\/\/astrapythagoreanwellness.com\/es\/","logo":{"@type":"ImageObject","inLanguage":"es","@id":"https:\/\/astrapythagoreanwellness.com\/es\/#\/schema\/logo\/image\/","url":"https:\/\/astrapythagoreanwellness.com\/wp-content\/uploads\/2025\/01\/fulllogo_transparent_nobuffer.png","contentUrl":"https:\/\/astrapythagoreanwellness.com\/wp-content\/uploads\/2025\/01\/fulllogo_transparent_nobuffer.png","width":1280,"height":471,"caption":"Astra Pythagorean Wellness"},"image":{"@id":"https:\/\/astrapythagoreanwellness.com\/es\/#\/schema\/logo\/image\/"}}]}},"_links":{"self":[{"href":"https:\/\/astrapythagoreanwellness.com\/es\/wp-json\/wp\/v2\/pages\/7428","targetHints":{"allow":["GET"]}}],"collection":[{"href":"https:\/\/astrapythagoreanwellness.com\/es\/wp-json\/wp\/v2\/pages"}],"about":[{"href":"https:\/\/astrapythagoreanwellness.com\/es\/wp-json\/wp\/v2\/types\/page"}],"author":[{"embeddable":true,"href":"https:\/\/astrapythagoreanwellness.com\/es\/wp-json\/wp\/v2\/users\/1"}],"replies":[{"embeddable":true,"href":"https:\/\/astrapythagoreanwellness.com\/es\/wp-json\/wp\/v2\/comments?post=7428"}],"version-history":[{"count":7,"href":"https:\/\/astrapythagoreanwellness.com\/es\/wp-json\/wp\/v2\/pages\/7428\/revisions"}],"predecessor-version":[{"id":7435,"href":"https:\/\/astrapythagoreanwellness.com\/es\/wp-json\/wp\/v2\/pages\/7428\/revisions\/7435"}],"wp:attachment":[{"href":"https:\/\/astrapythagoreanwellness.com\/es\/wp-json\/wp\/v2\/media?parent=7428"}],"curies":[{"name":"wp","href":"https:\/\/api.w.org\/{rel}","templated":true}]}}