{"id":7420,"date":"2025-01-27T12:43:55","date_gmt":"2025-01-27T12:43:55","guid":{"rendered":"https:\/\/astrapythagoreanwellness.com\/?page_id=7420"},"modified":"2025-04-10T10:57:53","modified_gmt":"2025-04-10T10:57:53","slug":"reservez-votre-retraite","status":"publish","type":"page","link":"https:\/\/astrapythagoreanwellness.com\/fr\/reservez-votre-retraite\/","title":{"rendered":"R\u00e9servez votre retraite"},"content":{"rendered":"\t\t<div data-elementor-type=\"wp-page\" data-elementor-id=\"7420\" class=\"elementor elementor-7420 elementor-481\" data-elementor-post-type=\"page\">\n\t\t\t\t<div class=\"elementor-element elementor-element-0159b3e e-flex e-con-boxed e-con e-parent\" data-id=\"0159b3e\" data-element_type=\"container\" data-e-type=\"container\">\n\t\t\t\t\t<div class=\"e-con-inner\">\n\t\t\t\t<div class=\"elementor-element elementor-element-ea67335 elementor-widget elementor-widget-heading\" data-id=\"ea67335\" data-element_type=\"widget\" data-e-type=\"widget\" data-widget_type=\"heading.default\">\n\t\t\t\t\t<h2 class=\"elementor-heading-title elementor-size-default\">R\u00e9servez votre retraite<\/h2>\t\t\t\t<\/div>\n\t\t\t\t<div class=\"elementor-element elementor-element-92cfef8 elementor-widget elementor-widget-text-editor\" data-id=\"92cfef8\" data-element_type=\"widget\" data-e-type=\"widget\" data-widget_type=\"text-editor.default\">\n\t\t\t\t\t\t\t\t\t<p>Assurez-vous de s\u00e9lectionner au moins 7 nuits et de choisir le type d&rsquo;h\u00e9bergement de votre choix.<\/p><p>45 jours avant l&rsquo;arriv\u00e9e, le prix total doit \u00eatre pay\u00e9. Il n&rsquo;y a pas d&rsquo;option d&rsquo;acompte pour les r\u00e9servations effectu\u00e9es \u00e0 moins de 45 jours de l&rsquo;arriv\u00e9e.<\/p><p>Pour un remboursement complet, l&rsquo;annulation doit \u00eatre faite au moins 30 jours avant la date d&rsquo;arriv\u00e9e.<\/p>\t\t\t\t\t\t\t\t<\/div>\n\t\t\t\t\t<\/div>\n\t\t\t\t<\/div>\n\t\t\t\t<\/div>\n\t\t","protected":false},"excerpt":{"rendered":"<p>R\u00e9servez votre retraite Assurez-vous de s\u00e9lectionner au moins 7 nuits et de choisir le type d&rsquo;h\u00e9bergement de votre choix. 45 [&hellip;]<\/p>\n","protected":false},"author":1,"featured_media":0,"parent":0,"menu_order":0,"comment_status":"open","ping_status":"open","template":"","meta":{"site-sidebar-layout":"default","site-content-layout":"","ast-site-content-layout":"default","site-content-style":"default","site-sidebar-style":"default","ast-global-header-display":"","ast-banner-title-visibility":"","ast-main-header-display":"","ast-hfb-above-header-display":"","ast-hfb-below-header-display":"","ast-hfb-mobile-header-display":"","site-post-title":"","ast-breadcrumbs-content":"","ast-featured-img":"","footer-sml-layout":"","ast-disable-related-posts":"","theme-transparent-header-meta":"","adv-header-id-meta":"","stick-header-meta":"","header-above-stick-meta":"","header-main-stick-meta":"","header-below-stick-meta":"","astra-migrate-meta-layouts":"default","ast-page-background-enabled":"default","ast-page-background-meta":{"desktop":{"background-color":"var(--ast-global-color-5)","background-image":"","background-repeat":"repeat","background-position":"center center","background-size":"auto","background-attachment":"scroll","background-type":"","background-media":"","overlay-type":"","overlay-color":"","overlay-opacity":"","overlay-gradient":""},"tablet":{"background-color":"","background-image":"","background-repeat":"repeat","background-position":"center center","background-size":"auto","background-attachment":"scroll","background-type":"","background-media":"","overlay-type":"","overlay-color":"","overlay-opacity":"","overlay-gradient":""},"mobile":{"background-color":"","background-image":"","background-repeat":"repeat","background-position":"center center","background-size":"auto","background-attachment":"scroll","background-type":"","background-media":"","overlay-type":"","overlay-color":"","overlay-opacity":"","overlay-gradient":""}},"ast-content-background-meta":{"desktop":{"background-color":"var(--ast-global-color-4)","background-image":"","background-repeat":"repeat","background-position":"center center","background-size":"auto","background-attachment":"scroll","background-type":"","background-media":"","overlay-type":"","overlay-color":"","overlay-opacity":"","overlay-gradient":""},"tablet":{"background-color":"var(--ast-global-color-4)","background-image":"","background-repeat":"repeat","background-position":"center center","background-size":"auto","background-attachment":"scroll","background-type":"","background-media":"","overlay-type":"","overlay-color":"","overlay-opacity":"","overlay-gradient":""},"mobile":{"background-color":"var(--ast-global-color-4)","background-image":"","background-repeat":"repeat","background-position":"center center","background-size":"auto","background-attachment":"scroll","background-type":"","background-media":"","overlay-type":"","overlay-color":"","overlay-opacity":"","overlay-gradient":""}},"footnotes":""},"class_list":["post-7420","page","type-page","status-publish","hentry"],"yoast_head":"<!-- This site is optimized with the Yoast SEO plugin v27.5 - https:\/\/yoast.com\/product\/yoast-seo-wordpress\/ -->\n<title>R\u00e9servez votre retraite - Astra Pythagorean Wellness<\/title>\n<meta name=\"robots\" content=\"index, follow, max-snippet:-1, max-image-preview:large, max-video-preview:-1\" \/>\n<link rel=\"canonical\" href=\"https:\/\/astrapythagoreanwellness.com\/fr\/reservez-votre-retraite\/\" \/>\n<meta property=\"og:locale\" content=\"fr_FR\" \/>\n<meta property=\"og:type\" content=\"article\" \/>\n<meta property=\"og:title\" content=\"R\u00e9servez votre retraite - Astra Pythagorean Wellness\" \/>\n<meta property=\"og:description\" content=\"R\u00e9servez votre retraite Assurez-vous de s\u00e9lectionner au moins 7 nuits et de choisir le type d&rsquo;h\u00e9bergement de votre choix. 45 [&hellip;]\" \/>\n<meta property=\"og:url\" content=\"https:\/\/astrapythagoreanwellness.com\/fr\/reservez-votre-retraite\/\" \/>\n<meta property=\"og:site_name\" content=\"Astra Pythagorean Wellness\" \/>\n<meta property=\"article:modified_time\" content=\"2025-04-10T10:57:53+00:00\" \/>\n<meta property=\"og:image\" content=\"https:\/\/astrapythagoreanwellness.com\/wp-content\/uploads\/2025\/02\/DOUBLE-SEA-FRONT-scaled-1.jpeg.webp\" \/>\n<meta name=\"twitter:card\" content=\"summary_large_image\" \/>\n<meta name=\"twitter:label1\" content=\"Dur\u00e9e de lecture estim\u00e9e\" \/>\n\t<meta name=\"twitter:data1\" content=\"4 minutes\" \/>\n<script type=\"application\/ld+json\" class=\"yoast-schema-graph\">{\"@context\":\"https:\\\/\\\/schema.org\",\"@graph\":[{\"@type\":\"WebPage\",\"@id\":\"https:\\\/\\\/astrapythagoreanwellness.com\\\/fr\\\/reservez-votre-retraite\\\/\",\"url\":\"https:\\\/\\\/astrapythagoreanwellness.com\\\/fr\\\/reservez-votre-retraite\\\/\",\"name\":\"R\u00e9servez votre retraite - Astra Pythagorean Wellness\",\"isPartOf\":{\"@id\":\"https:\\\/\\\/astrapythagoreanwellness.com\\\/fr\\\/#website\"},\"primaryImageOfPage\":{\"@id\":\"https:\\\/\\\/astrapythagoreanwellness.com\\\/fr\\\/reservez-votre-retraite\\\/#primaryimage\"},\"image\":{\"@id\":\"https:\\\/\\\/astrapythagoreanwellness.com\\\/fr\\\/reservez-votre-retraite\\\/#primaryimage\"},\"thumbnailUrl\":\"https:\\\/\\\/astrapythagoreanwellness.com\\\/wp-content\\\/uploads\\\/2025\\\/02\\\/DOUBLE-SEA-FRONT-scaled-1.jpeg.webp\",\"datePublished\":\"2025-01-27T12:43:55+00:00\",\"dateModified\":\"2025-04-10T10:57:53+00:00\",\"breadcrumb\":{\"@id\":\"https:\\\/\\\/astrapythagoreanwellness.com\\\/fr\\\/reservez-votre-retraite\\\/#breadcrumb\"},\"inLanguage\":\"fr-FR\",\"potentialAction\":[{\"@type\":\"ReadAction\",\"target\":[\"https:\\\/\\\/astrapythagoreanwellness.com\\\/fr\\\/reservez-votre-retraite\\\/\"]}]},{\"@type\":\"ImageObject\",\"inLanguage\":\"fr-FR\",\"@id\":\"https:\\\/\\\/astrapythagoreanwellness.com\\\/fr\\\/reservez-votre-retraite\\\/#primaryimage\",\"url\":\"https:\\\/\\\/astrapythagoreanwellness.com\\\/wp-content\\\/uploads\\\/2025\\\/02\\\/DOUBLE-SEA-FRONT-scaled-1.jpeg.webp\",\"contentUrl\":\"https:\\\/\\\/astrapythagoreanwellness.com\\\/wp-content\\\/uploads\\\/2025\\\/02\\\/DOUBLE-SEA-FRONT-scaled-1.jpeg.webp\"},{\"@type\":\"BreadcrumbList\",\"@id\":\"https:\\\/\\\/astrapythagoreanwellness.com\\\/fr\\\/reservez-votre-retraite\\\/#breadcrumb\",\"itemListElement\":[{\"@type\":\"ListItem\",\"position\":1,\"name\":\"Home\",\"item\":\"https:\\\/\\\/astrapythagoreanwellness.com\\\/fr\\\/\"},{\"@type\":\"ListItem\",\"position\":2,\"name\":\"R\u00e9servez votre retraite\"}]},{\"@type\":\"WebSite\",\"@id\":\"https:\\\/\\\/astrapythagoreanwellness.com\\\/fr\\\/#website\",\"url\":\"https:\\\/\\\/astrapythagoreanwellness.com\\\/fr\\\/\",\"name\":\"Astra Pythagorean Wellness\",\"description\":\"\",\"publisher\":{\"@id\":\"https:\\\/\\\/astrapythagoreanwellness.com\\\/fr\\\/#organization\"},\"potentialAction\":[{\"@type\":\"SearchAction\",\"target\":{\"@type\":\"EntryPoint\",\"urlTemplate\":\"https:\\\/\\\/astrapythagoreanwellness.com\\\/fr\\\/?s={search_term_string}\"},\"query-input\":{\"@type\":\"PropertyValueSpecification\",\"valueRequired\":true,\"valueName\":\"search_term_string\"}}],\"inLanguage\":\"fr-FR\"},{\"@type\":\"Organization\",\"@id\":\"https:\\\/\\\/astrapythagoreanwellness.com\\\/fr\\\/#organization\",\"name\":\"Astra Pythagorean Wellness\",\"url\":\"https:\\\/\\\/astrapythagoreanwellness.com\\\/fr\\\/\",\"logo\":{\"@type\":\"ImageObject\",\"inLanguage\":\"fr-FR\",\"@id\":\"https:\\\/\\\/astrapythagoreanwellness.com\\\/fr\\\/#\\\/schema\\\/logo\\\/image\\\/\",\"url\":\"https:\\\/\\\/astrapythagoreanwellness.com\\\/wp-content\\\/uploads\\\/2025\\\/01\\\/fulllogo_transparent_nobuffer.png\",\"contentUrl\":\"https:\\\/\\\/astrapythagoreanwellness.com\\\/wp-content\\\/uploads\\\/2025\\\/01\\\/fulllogo_transparent_nobuffer.png\",\"width\":1280,\"height\":471,\"caption\":\"Astra Pythagorean Wellness\"},\"image\":{\"@id\":\"https:\\\/\\\/astrapythagoreanwellness.com\\\/fr\\\/#\\\/schema\\\/logo\\\/image\\\/\"}}]}<\/script>\n<!-- \/ Yoast SEO plugin. -->","yoast_head_json":{"title":"R\u00e9servez votre retraite - Astra Pythagorean Wellness","robots":{"index":"index","follow":"follow","max-snippet":"max-snippet:-1","max-image-preview":"max-image-preview:large","max-video-preview":"max-video-preview:-1"},"canonical":"https:\/\/astrapythagoreanwellness.com\/fr\/reservez-votre-retraite\/","og_locale":"fr_FR","og_type":"article","og_title":"R\u00e9servez votre retraite - Astra Pythagorean Wellness","og_description":"R\u00e9servez votre retraite Assurez-vous de s\u00e9lectionner au moins 7 nuits et de choisir le type d&rsquo;h\u00e9bergement de votre choix. 45 [&hellip;]","og_url":"https:\/\/astrapythagoreanwellness.com\/fr\/reservez-votre-retraite\/","og_site_name":"Astra Pythagorean Wellness","article_modified_time":"2025-04-10T10:57:53+00:00","og_image":[{"url":"https:\/\/astrapythagoreanwellness.com\/wp-content\/uploads\/2025\/02\/DOUBLE-SEA-FRONT-scaled-1.jpeg.webp","type":"","width":"","height":""}],"twitter_card":"summary_large_image","twitter_misc":{"Dur\u00e9e de lecture estim\u00e9e":"4 minutes"},"schema":{"@context":"https:\/\/schema.org","@graph":[{"@type":"WebPage","@id":"https:\/\/astrapythagoreanwellness.com\/fr\/reservez-votre-retraite\/","url":"https:\/\/astrapythagoreanwellness.com\/fr\/reservez-votre-retraite\/","name":"R\u00e9servez votre retraite - Astra Pythagorean Wellness","isPartOf":{"@id":"https:\/\/astrapythagoreanwellness.com\/fr\/#website"},"primaryImageOfPage":{"@id":"https:\/\/astrapythagoreanwellness.com\/fr\/reservez-votre-retraite\/#primaryimage"},"image":{"@id":"https:\/\/astrapythagoreanwellness.com\/fr\/reservez-votre-retraite\/#primaryimage"},"thumbnailUrl":"https:\/\/astrapythagoreanwellness.com\/wp-content\/uploads\/2025\/02\/DOUBLE-SEA-FRONT-scaled-1.jpeg.webp","datePublished":"2025-01-27T12:43:55+00:00","dateModified":"2025-04-10T10:57:53+00:00","breadcrumb":{"@id":"https:\/\/astrapythagoreanwellness.com\/fr\/reservez-votre-retraite\/#breadcrumb"},"inLanguage":"fr-FR","potentialAction":[{"@type":"ReadAction","target":["https:\/\/astrapythagoreanwellness.com\/fr\/reservez-votre-retraite\/"]}]},{"@type":"ImageObject","inLanguage":"fr-FR","@id":"https:\/\/astrapythagoreanwellness.com\/fr\/reservez-votre-retraite\/#primaryimage","url":"https:\/\/astrapythagoreanwellness.com\/wp-content\/uploads\/2025\/02\/DOUBLE-SEA-FRONT-scaled-1.jpeg.webp","contentUrl":"https:\/\/astrapythagoreanwellness.com\/wp-content\/uploads\/2025\/02\/DOUBLE-SEA-FRONT-scaled-1.jpeg.webp"},{"@type":"BreadcrumbList","@id":"https:\/\/astrapythagoreanwellness.com\/fr\/reservez-votre-retraite\/#breadcrumb","itemListElement":[{"@type":"ListItem","position":1,"name":"Home","item":"https:\/\/astrapythagoreanwellness.com\/fr\/"},{"@type":"ListItem","position":2,"name":"R\u00e9servez votre retraite"}]},{"@type":"WebSite","@id":"https:\/\/astrapythagoreanwellness.com\/fr\/#website","url":"https:\/\/astrapythagoreanwellness.com\/fr\/","name":"Astra Pythagorean Wellness","description":"","publisher":{"@id":"https:\/\/astrapythagoreanwellness.com\/fr\/#organization"},"potentialAction":[{"@type":"SearchAction","target":{"@type":"EntryPoint","urlTemplate":"https:\/\/astrapythagoreanwellness.com\/fr\/?s={search_term_string}"},"query-input":{"@type":"PropertyValueSpecification","valueRequired":true,"valueName":"search_term_string"}}],"inLanguage":"fr-FR"},{"@type":"Organization","@id":"https:\/\/astrapythagoreanwellness.com\/fr\/#organization","name":"Astra Pythagorean Wellness","url":"https:\/\/astrapythagoreanwellness.com\/fr\/","logo":{"@type":"ImageObject","inLanguage":"fr-FR","@id":"https:\/\/astrapythagoreanwellness.com\/fr\/#\/schema\/logo\/image\/","url":"https:\/\/astrapythagoreanwellness.com\/wp-content\/uploads\/2025\/01\/fulllogo_transparent_nobuffer.png","contentUrl":"https:\/\/astrapythagoreanwellness.com\/wp-content\/uploads\/2025\/01\/fulllogo_transparent_nobuffer.png","width":1280,"height":471,"caption":"Astra Pythagorean Wellness"},"image":{"@id":"https:\/\/astrapythagoreanwellness.com\/fr\/#\/schema\/logo\/image\/"}}]}},"_links":{"self":[{"href":"https:\/\/astrapythagoreanwellness.com\/fr\/wp-json\/wp\/v2\/pages\/7420","targetHints":{"allow":["GET"]}}],"collection":[{"href":"https:\/\/astrapythagoreanwellness.com\/fr\/wp-json\/wp\/v2\/pages"}],"about":[{"href":"https:\/\/astrapythagoreanwellness.com\/fr\/wp-json\/wp\/v2\/types\/page"}],"author":[{"embeddable":true,"href":"https:\/\/astrapythagoreanwellness.com\/fr\/wp-json\/wp\/v2\/users\/1"}],"replies":[{"embeddable":true,"href":"https:\/\/astrapythagoreanwellness.com\/fr\/wp-json\/wp\/v2\/comments?post=7420"}],"version-history":[{"count":7,"href":"https:\/\/astrapythagoreanwellness.com\/fr\/wp-json\/wp\/v2\/pages\/7420\/revisions"}],"predecessor-version":[{"id":7427,"href":"https:\/\/astrapythagoreanwellness.com\/fr\/wp-json\/wp\/v2\/pages\/7420\/revisions\/7427"}],"wp:attachment":[{"href":"https:\/\/astrapythagoreanwellness.com\/fr\/wp-json\/wp\/v2\/media?parent=7420"}],"curies":[{"name":"wp","href":"https:\/\/api.w.org\/{rel}","templated":true}]}}