{"id":7293,"date":"2025-01-27T12:43:55","date_gmt":"2025-01-27T12:43:55","guid":{"rendered":"https:\/\/astrapythagoreanwellness.com\/?page_id=7293"},"modified":"2025-04-10T09:17:07","modified_gmt":"2025-04-10T09:17:07","slug":"bestill-en-time","status":"publish","type":"page","link":"https:\/\/astrapythagoreanwellness.com\/no\/bestill-en-time\/","title":{"rendered":"Bestill en time"},"content":{"rendered":"\t\t<div data-elementor-type=\"wp-page\" data-elementor-id=\"7293\" class=\"elementor elementor-7293 elementor-481\" data-elementor-post-type=\"page\">\n\t\t\t\t<div class=\"elementor-element elementor-element-0159b3e e-flex e-con-boxed e-con e-parent\" data-id=\"0159b3e\" data-element_type=\"container\" data-e-type=\"container\">\n\t\t\t\t\t<div class=\"e-con-inner\">\n\t\t\t\t<div class=\"elementor-element elementor-element-ea67335 elementor-widget elementor-widget-heading\" data-id=\"ea67335\" data-element_type=\"widget\" data-e-type=\"widget\" data-widget_type=\"heading.default\">\n\t\t\t\t\t<h2 class=\"elementor-heading-title elementor-size-default\">Bestill din Retreat<\/h2>\t\t\t\t<\/div>\n\t\t\t\t<div class=\"elementor-element elementor-element-92cfef8 elementor-widget elementor-widget-text-editor\" data-id=\"92cfef8\" data-element_type=\"widget\" data-e-type=\"widget\" data-widget_type=\"text-editor.default\">\n\t\t\t\t\t\t\t\t\t<p>Vennligst s\u00f8rg for at du velger minst 7 netter og velger en overnattingstype etter eget \u00f8nske.<\/p><p>45 dager f\u00f8r ankomst skal hele prisen betales. Det er ikke mulig \u00e5 betale depositum ved bestilling tidligere enn 45 dager f\u00f8r ankomst.<\/p><p>For full refusjon m\u00e5 avbestilling gj\u00f8res minst 30 dager f\u00f8r ankomstdato.<\/p>\t\t\t\t\t\t\t\t<\/div>\n\t\t\t\t\t<\/div>\n\t\t\t\t<\/div>\n\t\t\t\t<\/div>\n\t\t","protected":false},"excerpt":{"rendered":"<p>Bestill din Retreat Vennligst s\u00f8rg for at du velger minst 7 netter og velger en overnattingstype etter eget \u00f8nske. 45 [&hellip;]<\/p>\n","protected":false},"author":1,"featured_media":0,"parent":0,"menu_order":0,"comment_status":"open","ping_status":"open","template":"","meta":{"site-sidebar-layout":"default","site-content-layout":"","ast-site-content-layout":"default","site-content-style":"default","site-sidebar-style":"default","ast-global-header-display":"","ast-banner-title-visibility":"","ast-main-header-display":"","ast-hfb-above-header-display":"","ast-hfb-below-header-display":"","ast-hfb-mobile-header-display":"","site-post-title":"","ast-breadcrumbs-content":"","ast-featured-img":"","footer-sml-layout":"","ast-disable-related-posts":"","theme-transparent-header-meta":"","adv-header-id-meta":"","stick-header-meta":"","header-above-stick-meta":"","header-main-stick-meta":"","header-below-stick-meta":"","astra-migrate-meta-layouts":"default","ast-page-background-enabled":"default","ast-page-background-meta":{"desktop":{"background-color":"var(--ast-global-color-5)","background-image":"","background-repeat":"repeat","background-position":"center center","background-size":"auto","background-attachment":"scroll","background-type":"","background-media":"","overlay-type":"","overlay-color":"","overlay-opacity":"","overlay-gradient":""},"tablet":{"background-color":"","background-image":"","background-repeat":"repeat","background-position":"center center","background-size":"auto","background-attachment":"scroll","background-type":"","background-media":"","overlay-type":"","overlay-color":"","overlay-opacity":"","overlay-gradient":""},"mobile":{"background-color":"","background-image":"","background-repeat":"repeat","background-position":"center center","background-size":"auto","background-attachment":"scroll","background-type":"","background-media":"","overlay-type":"","overlay-color":"","overlay-opacity":"","overlay-gradient":""}},"ast-content-background-meta":{"desktop":{"background-color":"var(--ast-global-color-4)","background-image":"","background-repeat":"repeat","background-position":"center center","background-size":"auto","background-attachment":"scroll","background-type":"","background-media":"","overlay-type":"","overlay-color":"","overlay-opacity":"","overlay-gradient":""},"tablet":{"background-color":"var(--ast-global-color-4)","background-image":"","background-repeat":"repeat","background-position":"center center","background-size":"auto","background-attachment":"scroll","background-type":"","background-media":"","overlay-type":"","overlay-color":"","overlay-opacity":"","overlay-gradient":""},"mobile":{"background-color":"var(--ast-global-color-4)","background-image":"","background-repeat":"repeat","background-position":"center center","background-size":"auto","background-attachment":"scroll","background-type":"","background-media":"","overlay-type":"","overlay-color":"","overlay-opacity":"","overlay-gradient":""}},"footnotes":""},"class_list":["post-7293","page","type-page","status-publish","hentry"],"yoast_head":"<!-- This site is optimized with the Yoast SEO plugin v27.5 - https:\/\/yoast.com\/product\/yoast-seo-wordpress\/ -->\n<title>Bestill en time - Astra Pythagorean Wellness<\/title>\n<meta name=\"robots\" content=\"index, follow, max-snippet:-1, max-image-preview:large, max-video-preview:-1\" \/>\n<link rel=\"canonical\" href=\"https:\/\/astrapythagoreanwellness.com\/no\/bestill-en-time\/\" \/>\n<meta property=\"og:locale\" content=\"nb_NO\" \/>\n<meta property=\"og:type\" content=\"article\" \/>\n<meta property=\"og:title\" content=\"Bestill en time - Astra Pythagorean Wellness\" \/>\n<meta property=\"og:description\" content=\"Bestill din Retreat Vennligst s\u00f8rg for at du velger minst 7 netter og velger en overnattingstype etter eget \u00f8nske. 45 [&hellip;]\" \/>\n<meta property=\"og:url\" content=\"https:\/\/astrapythagoreanwellness.com\/no\/bestill-en-time\/\" \/>\n<meta property=\"og:site_name\" content=\"Astra Pythagorean Wellness\" \/>\n<meta property=\"article:modified_time\" content=\"2025-04-10T09:17:07+00:00\" \/>\n<meta property=\"og:image\" content=\"https:\/\/astrapythagoreanwellness.com\/wp-content\/uploads\/2025\/02\/DOUBLE-SEA-FRONT-scaled-1.jpeg.webp\" \/>\n<meta name=\"twitter:card\" content=\"summary_large_image\" \/>\n<meta name=\"twitter:label1\" content=\"Ansl. lesetid\" \/>\n\t<meta name=\"twitter:data1\" content=\"4 minutter\" \/>\n<script type=\"application\/ld+json\" class=\"yoast-schema-graph\">{\"@context\":\"https:\\\/\\\/schema.org\",\"@graph\":[{\"@type\":\"WebPage\",\"@id\":\"https:\\\/\\\/astrapythagoreanwellness.com\\\/no\\\/bestill-en-time\\\/\",\"url\":\"https:\\\/\\\/astrapythagoreanwellness.com\\\/no\\\/bestill-en-time\\\/\",\"name\":\"Bestill en time - Astra Pythagorean Wellness\",\"isPartOf\":{\"@id\":\"https:\\\/\\\/astrapythagoreanwellness.com\\\/no\\\/#website\"},\"primaryImageOfPage\":{\"@id\":\"https:\\\/\\\/astrapythagoreanwellness.com\\\/no\\\/bestill-en-time\\\/#primaryimage\"},\"image\":{\"@id\":\"https:\\\/\\\/astrapythagoreanwellness.com\\\/no\\\/bestill-en-time\\\/#primaryimage\"},\"thumbnailUrl\":\"https:\\\/\\\/astrapythagoreanwellness.com\\\/wp-content\\\/uploads\\\/2025\\\/02\\\/DOUBLE-SEA-FRONT-scaled-1.jpeg.webp\",\"datePublished\":\"2025-01-27T12:43:55+00:00\",\"dateModified\":\"2025-04-10T09:17:07+00:00\",\"breadcrumb\":{\"@id\":\"https:\\\/\\\/astrapythagoreanwellness.com\\\/no\\\/bestill-en-time\\\/#breadcrumb\"},\"inLanguage\":\"nb-NO\",\"potentialAction\":[{\"@type\":\"ReadAction\",\"target\":[\"https:\\\/\\\/astrapythagoreanwellness.com\\\/no\\\/bestill-en-time\\\/\"]}]},{\"@type\":\"ImageObject\",\"inLanguage\":\"nb-NO\",\"@id\":\"https:\\\/\\\/astrapythagoreanwellness.com\\\/no\\\/bestill-en-time\\\/#primaryimage\",\"url\":\"https:\\\/\\\/astrapythagoreanwellness.com\\\/wp-content\\\/uploads\\\/2025\\\/02\\\/DOUBLE-SEA-FRONT-scaled-1.jpeg.webp\",\"contentUrl\":\"https:\\\/\\\/astrapythagoreanwellness.com\\\/wp-content\\\/uploads\\\/2025\\\/02\\\/DOUBLE-SEA-FRONT-scaled-1.jpeg.webp\"},{\"@type\":\"BreadcrumbList\",\"@id\":\"https:\\\/\\\/astrapythagoreanwellness.com\\\/no\\\/bestill-en-time\\\/#breadcrumb\",\"itemListElement\":[{\"@type\":\"ListItem\",\"position\":1,\"name\":\"Home\",\"item\":\"https:\\\/\\\/astrapythagoreanwellness.com\\\/no\\\/\"},{\"@type\":\"ListItem\",\"position\":2,\"name\":\"Bestill en time\"}]},{\"@type\":\"WebSite\",\"@id\":\"https:\\\/\\\/astrapythagoreanwellness.com\\\/no\\\/#website\",\"url\":\"https:\\\/\\\/astrapythagoreanwellness.com\\\/no\\\/\",\"name\":\"Astra Pythagorean Wellness\",\"description\":\"\",\"publisher\":{\"@id\":\"https:\\\/\\\/astrapythagoreanwellness.com\\\/no\\\/#organization\"},\"potentialAction\":[{\"@type\":\"SearchAction\",\"target\":{\"@type\":\"EntryPoint\",\"urlTemplate\":\"https:\\\/\\\/astrapythagoreanwellness.com\\\/no\\\/?s={search_term_string}\"},\"query-input\":{\"@type\":\"PropertyValueSpecification\",\"valueRequired\":true,\"valueName\":\"search_term_string\"}}],\"inLanguage\":\"nb-NO\"},{\"@type\":\"Organization\",\"@id\":\"https:\\\/\\\/astrapythagoreanwellness.com\\\/no\\\/#organization\",\"name\":\"Astra Pythagorean Wellness\",\"url\":\"https:\\\/\\\/astrapythagoreanwellness.com\\\/no\\\/\",\"logo\":{\"@type\":\"ImageObject\",\"inLanguage\":\"nb-NO\",\"@id\":\"https:\\\/\\\/astrapythagoreanwellness.com\\\/no\\\/#\\\/schema\\\/logo\\\/image\\\/\",\"url\":\"https:\\\/\\\/astrapythagoreanwellness.com\\\/wp-content\\\/uploads\\\/2025\\\/01\\\/fulllogo_transparent_nobuffer.png\",\"contentUrl\":\"https:\\\/\\\/astrapythagoreanwellness.com\\\/wp-content\\\/uploads\\\/2025\\\/01\\\/fulllogo_transparent_nobuffer.png\",\"width\":1280,\"height\":471,\"caption\":\"Astra Pythagorean Wellness\"},\"image\":{\"@id\":\"https:\\\/\\\/astrapythagoreanwellness.com\\\/no\\\/#\\\/schema\\\/logo\\\/image\\\/\"}}]}<\/script>\n<!-- \/ Yoast SEO plugin. -->","yoast_head_json":{"title":"Bestill en time - Astra Pythagorean Wellness","robots":{"index":"index","follow":"follow","max-snippet":"max-snippet:-1","max-image-preview":"max-image-preview:large","max-video-preview":"max-video-preview:-1"},"canonical":"https:\/\/astrapythagoreanwellness.com\/no\/bestill-en-time\/","og_locale":"nb_NO","og_type":"article","og_title":"Bestill en time - Astra Pythagorean Wellness","og_description":"Bestill din Retreat Vennligst s\u00f8rg for at du velger minst 7 netter og velger en overnattingstype etter eget \u00f8nske. 45 [&hellip;]","og_url":"https:\/\/astrapythagoreanwellness.com\/no\/bestill-en-time\/","og_site_name":"Astra Pythagorean Wellness","article_modified_time":"2025-04-10T09:17:07+00:00","og_image":[{"url":"https:\/\/astrapythagoreanwellness.com\/wp-content\/uploads\/2025\/02\/DOUBLE-SEA-FRONT-scaled-1.jpeg.webp","type":"","width":"","height":""}],"twitter_card":"summary_large_image","twitter_misc":{"Ansl. lesetid":"4 minutter"},"schema":{"@context":"https:\/\/schema.org","@graph":[{"@type":"WebPage","@id":"https:\/\/astrapythagoreanwellness.com\/no\/bestill-en-time\/","url":"https:\/\/astrapythagoreanwellness.com\/no\/bestill-en-time\/","name":"Bestill en time - Astra Pythagorean Wellness","isPartOf":{"@id":"https:\/\/astrapythagoreanwellness.com\/no\/#website"},"primaryImageOfPage":{"@id":"https:\/\/astrapythagoreanwellness.com\/no\/bestill-en-time\/#primaryimage"},"image":{"@id":"https:\/\/astrapythagoreanwellness.com\/no\/bestill-en-time\/#primaryimage"},"thumbnailUrl":"https:\/\/astrapythagoreanwellness.com\/wp-content\/uploads\/2025\/02\/DOUBLE-SEA-FRONT-scaled-1.jpeg.webp","datePublished":"2025-01-27T12:43:55+00:00","dateModified":"2025-04-10T09:17:07+00:00","breadcrumb":{"@id":"https:\/\/astrapythagoreanwellness.com\/no\/bestill-en-time\/#breadcrumb"},"inLanguage":"nb-NO","potentialAction":[{"@type":"ReadAction","target":["https:\/\/astrapythagoreanwellness.com\/no\/bestill-en-time\/"]}]},{"@type":"ImageObject","inLanguage":"nb-NO","@id":"https:\/\/astrapythagoreanwellness.com\/no\/bestill-en-time\/#primaryimage","url":"https:\/\/astrapythagoreanwellness.com\/wp-content\/uploads\/2025\/02\/DOUBLE-SEA-FRONT-scaled-1.jpeg.webp","contentUrl":"https:\/\/astrapythagoreanwellness.com\/wp-content\/uploads\/2025\/02\/DOUBLE-SEA-FRONT-scaled-1.jpeg.webp"},{"@type":"BreadcrumbList","@id":"https:\/\/astrapythagoreanwellness.com\/no\/bestill-en-time\/#breadcrumb","itemListElement":[{"@type":"ListItem","position":1,"name":"Home","item":"https:\/\/astrapythagoreanwellness.com\/no\/"},{"@type":"ListItem","position":2,"name":"Bestill en time"}]},{"@type":"WebSite","@id":"https:\/\/astrapythagoreanwellness.com\/no\/#website","url":"https:\/\/astrapythagoreanwellness.com\/no\/","name":"Astra Pythagorean Wellness","description":"","publisher":{"@id":"https:\/\/astrapythagoreanwellness.com\/no\/#organization"},"potentialAction":[{"@type":"SearchAction","target":{"@type":"EntryPoint","urlTemplate":"https:\/\/astrapythagoreanwellness.com\/no\/?s={search_term_string}"},"query-input":{"@type":"PropertyValueSpecification","valueRequired":true,"valueName":"search_term_string"}}],"inLanguage":"nb-NO"},{"@type":"Organization","@id":"https:\/\/astrapythagoreanwellness.com\/no\/#organization","name":"Astra Pythagorean Wellness","url":"https:\/\/astrapythagoreanwellness.com\/no\/","logo":{"@type":"ImageObject","inLanguage":"nb-NO","@id":"https:\/\/astrapythagoreanwellness.com\/no\/#\/schema\/logo\/image\/","url":"https:\/\/astrapythagoreanwellness.com\/wp-content\/uploads\/2025\/01\/fulllogo_transparent_nobuffer.png","contentUrl":"https:\/\/astrapythagoreanwellness.com\/wp-content\/uploads\/2025\/01\/fulllogo_transparent_nobuffer.png","width":1280,"height":471,"caption":"Astra Pythagorean Wellness"},"image":{"@id":"https:\/\/astrapythagoreanwellness.com\/no\/#\/schema\/logo\/image\/"}}]}},"_links":{"self":[{"href":"https:\/\/astrapythagoreanwellness.com\/no\/wp-json\/wp\/v2\/pages\/7293","targetHints":{"allow":["GET"]}}],"collection":[{"href":"https:\/\/astrapythagoreanwellness.com\/no\/wp-json\/wp\/v2\/pages"}],"about":[{"href":"https:\/\/astrapythagoreanwellness.com\/no\/wp-json\/wp\/v2\/types\/page"}],"author":[{"embeddable":true,"href":"https:\/\/astrapythagoreanwellness.com\/no\/wp-json\/wp\/v2\/users\/1"}],"replies":[{"embeddable":true,"href":"https:\/\/astrapythagoreanwellness.com\/no\/wp-json\/wp\/v2\/comments?post=7293"}],"version-history":[{"count":7,"href":"https:\/\/astrapythagoreanwellness.com\/no\/wp-json\/wp\/v2\/pages\/7293\/revisions"}],"predecessor-version":[{"id":7374,"href":"https:\/\/astrapythagoreanwellness.com\/no\/wp-json\/wp\/v2\/pages\/7293\/revisions\/7374"}],"wp:attachment":[{"href":"https:\/\/astrapythagoreanwellness.com\/no\/wp-json\/wp\/v2\/media?parent=7293"}],"curies":[{"name":"wp","href":"https:\/\/api.w.org\/{rel}","templated":true}]}}